{"id":1213,"date":"2023-01-29T20:45:53","date_gmt":"2023-01-29T20:45:53","guid":{"rendered":"https:\/\/dev2.perriermathis.fr\/?page_id=1213"},"modified":"2023-02-10T23:10:11","modified_gmt":"2023-02-10T23:10:11","slug":"services","status":"publish","type":"page","link":"https:\/\/frenchalacarte.fr\/en\/services\/","title":{"rendered":"Other Services"},"content":{"rendered":"<h2 class=\"blockart-heading blockart-heading-df20ae41\"><strong>Not only lessons with French \u00e0 la carte!<\/strong><\/h2>\n\n\n<div class=\"wp-block-image is-style-rounded\">\n<figure class=\"alignright size-full is-resized\"><img loading=\"lazy\" decoding=\"async\" src=\"https:\/\/dev2.perriermathis.fr\/wp-content\/uploads\/2016\/03\/pexels-andrew-neel-3178818-scaled-1.jpg\" alt=\"\" class=\"wp-image-6865\" width=\"306\" height=\"459\" srcset=\"https:\/\/frenchalacarte.fr\/wp-content\/uploads\/2016\/03\/pexels-andrew-neel-3178818-scaled-1.jpg 1707w, https:\/\/frenchalacarte.fr\/wp-content\/uploads\/2016\/03\/pexels-andrew-neel-3178818-scaled-1-200x300.jpg 200w, https:\/\/frenchalacarte.fr\/wp-content\/uploads\/2016\/03\/pexels-andrew-neel-3178818-scaled-1-683x1024.jpg 683w, https:\/\/frenchalacarte.fr\/wp-content\/uploads\/2016\/03\/pexels-andrew-neel-3178818-scaled-1-768x1152.jpg 768w, https:\/\/frenchalacarte.fr\/wp-content\/uploads\/2016\/03\/pexels-andrew-neel-3178818-scaled-1-1024x1536.jpg 1024w, https:\/\/frenchalacarte.fr\/wp-content\/uploads\/2016\/03\/pexels-andrew-neel-3178818-scaled-1-1366x2048.jpg 1366w, https:\/\/frenchalacarte.fr\/wp-content\/uploads\/2016\/03\/pexels-andrew-neel-3178818-scaled-1-8x12.jpg 8w, https:\/\/frenchalacarte.fr\/wp-content\/uploads\/2016\/03\/pexels-andrew-neel-3178818-scaled-1-40x60.jpg 40w, https:\/\/frenchalacarte.fr\/wp-content\/uploads\/2016\/03\/pexels-andrew-neel-3178818-scaled-1-600x900.jpg 600w\" sizes=\"auto, (max-width: 306px) 100vw, 306px\" \/><\/figure>\n<\/div>\n\n\n<div class=\"wp-block-group\"><div class=\"wp-block-group__inner-container is-layout-constrained wp-block-group-is-layout-constrained\">\n<p>We are available for all your French-related queries.\nWe provide services such as:<\/p>\n\n\n\n<ul class=\"wp-block-list\">\n<li>proofreading and marking of your documents (essays, theses, interim placement reports, manuscripts...)<\/li>\n\n\n\n<li>writing your administrative letters<\/li>\n\n\n\n<li>creating content for your websites or advertising\/flyers<\/li>\n\n\n\n<li>writing and marking texts aimed at clients (menus, price lists...)<\/li>\n<\/ul>\n\n\n\n<p>Should you need any further information, please don't hesitate to contact us.<\/p>\n\n\n\n<div class=\"wp-block-columns is-layout-flex wp-container-core-columns-is-layout-9d6595d7 wp-block-columns-is-layout-flex\">\n<div class=\"wp-block-column is-layout-flow wp-block-column-is-layout-flow\" style=\"flex-basis:100%\">\n<div class=\"wp-block-group\"><div class=\"wp-block-group__inner-container is-layout-constrained wp-block-group-is-layout-constrained\">\n<div class=\"blockart-buttons blockart-buttons-aef355e0 is-justification-center is-horizontal is-wrap\">\n<div class=\"blockart-button blockart-button-877415de\"><a class=\"blockart-button-link is-large is-style-filled\" href=\"https:\/\/frenchalacarte.fr\/en\/contact\/\">Contact us<\/a><\/div>\n<\/div>\n<\/div><\/div>\n<\/div>\n<\/div>\n<\/div><\/div>\n\n\n\n<p><\/p>","protected":false},"excerpt":{"rendered":"<p>Nous sommes \u00e0 votre disposition pour toutes vos questions de fran\u00e7ais. Nous vous proposons de: N&rsquo;h\u00e9sitez pas \u00e0 nous contacter pour tout compl\u00e9ment d&rsquo;information.<\/p>","protected":false},"author":1,"featured_media":0,"parent":0,"menu_order":0,"comment_status":"closed","ping_status":"closed","template":"templates\/template-page-full-width.php","meta":{"footnotes":""},"class_list":["post-1213","page","type-page","status-publish","hentry"],"_links":{"self":[{"href":"https:\/\/frenchalacarte.fr\/en\/wp-json\/wp\/v2\/pages\/1213","targetHints":{"allow":["GET"]}}],"collection":[{"href":"https:\/\/frenchalacarte.fr\/en\/wp-json\/wp\/v2\/pages"}],"about":[{"href":"https:\/\/frenchalacarte.fr\/en\/wp-json\/wp\/v2\/types\/page"}],"author":[{"embeddable":true,"href":"https:\/\/frenchalacarte.fr\/en\/wp-json\/wp\/v2\/users\/1"}],"replies":[{"embeddable":true,"href":"https:\/\/frenchalacarte.fr\/en\/wp-json\/wp\/v2\/comments?post=1213"}],"version-history":[{"count":15,"href":"https:\/\/frenchalacarte.fr\/en\/wp-json\/wp\/v2\/pages\/1213\/revisions"}],"predecessor-version":[{"id":7367,"href":"https:\/\/frenchalacarte.fr\/en\/wp-json\/wp\/v2\/pages\/1213\/revisions\/7367"}],"wp:attachment":[{"href":"https:\/\/frenchalacarte.fr\/en\/wp-json\/wp\/v2\/media?parent=1213"}],"curies":[{"name":"wp","href":"https:\/\/api.w.org\/{rel}","templated":true}]}}