{"id":1235,"date":"2023-01-29T21:06:10","date_gmt":"2023-01-29T21:06:10","guid":{"rendered":"https:\/\/dev2.perriermathis.fr\/?page_id=1235"},"modified":"2023-06-19T08:48:46","modified_gmt":"2023-06-19T08:48:46","slug":"contact-2","status":"publish","type":"page","link":"https:\/\/frenchalacarte.fr\/en\/contact-2\/","title":{"rendered":"Contact"},"content":{"rendered":"<div class=\"wp-block-media-text alignwide is-stacked-on-mobile\" style=\"grid-template-columns:15% auto\"><figure class=\"wp-block-media-text__media\"><img loading=\"lazy\" decoding=\"async\" width=\"300\" height=\"300\" src=\"https:\/\/dev2.perriermathis.fr\/wp-content\/uploads\/2023\/02\/placeholder-300x300.png\" alt=\"\" class=\"wp-image-6936 size-medium\" srcset=\"https:\/\/frenchalacarte.fr\/wp-content\/uploads\/2023\/02\/placeholder-300x300.png 300w, https:\/\/frenchalacarte.fr\/wp-content\/uploads\/2023\/02\/placeholder-150x150.png 150w, https:\/\/frenchalacarte.fr\/wp-content\/uploads\/2023\/02\/placeholder-12x12.png 12w, https:\/\/frenchalacarte.fr\/wp-content\/uploads\/2023\/02\/placeholder-75x75.png 75w, https:\/\/frenchalacarte.fr\/wp-content\/uploads\/2023\/02\/placeholder-370x370.png 370w, https:\/\/frenchalacarte.fr\/wp-content\/uploads\/2023\/02\/placeholder-60x60.png 60w, https:\/\/frenchalacarte.fr\/wp-content\/uploads\/2023\/02\/placeholder-100x100.png 100w, https:\/\/frenchalacarte.fr\/wp-content\/uploads\/2023\/02\/placeholder.png 512w\" sizes=\"auto, (max-width: 300px) 100vw, 300px\" \/><\/figure><div class=\"wp-block-media-text__content\">\n<h3 class=\"wp-block-heading\">Contact us<\/h3>\n\n\n\n<p><em>French \u00e0 la carte<\/em> offers you a meeting with Barbara if you are in Germany (Baden-Wurtenberg) or Alsace. Depending on your location, you could also meet another member of the team. <\/p>\n<\/div><\/div>\n\n\n\n<div class=\"wp-block-media-text alignwide has-media-on-the-right is-stacked-on-mobile\" style=\"grid-template-columns:auto 15%\"><div class=\"wp-block-media-text__content\">\n<h3 class=\"wp-block-heading has-text-align-right\">By phone<\/h3>\n\n\n\n<p class=\"has-text-align-right\">and also on WhatsApp <a href=\"https:\/\/frenchalacarte.fr\/en\/?customize_changeset_uuid=87531a0d-d9e2-4529-b0de-407cb3bf2e2e&amp;customize_theme=colorpress&amp;customize_messenger_channel=preview-0\">+49 (0)1 52 38 85 96 92<\/a><\/p>\n<\/div><figure class=\"wp-block-media-text__media\"><img loading=\"lazy\" decoding=\"async\" width=\"300\" height=\"300\" src=\"https:\/\/dev2.perriermathis.fr\/wp-content\/uploads\/2023\/02\/whatsapp-300x300.png\" alt=\"\" class=\"wp-image-6937 size-medium\" srcset=\"https:\/\/frenchalacarte.fr\/wp-content\/uploads\/2023\/02\/whatsapp-300x300.png 300w, https:\/\/frenchalacarte.fr\/wp-content\/uploads\/2023\/02\/whatsapp-150x150.png 150w, https:\/\/frenchalacarte.fr\/wp-content\/uploads\/2023\/02\/whatsapp-12x12.png 12w, https:\/\/frenchalacarte.fr\/wp-content\/uploads\/2023\/02\/whatsapp-75x75.png 75w, https:\/\/frenchalacarte.fr\/wp-content\/uploads\/2023\/02\/whatsapp-370x370.png 370w, https:\/\/frenchalacarte.fr\/wp-content\/uploads\/2023\/02\/whatsapp-60x60.png 60w, https:\/\/frenchalacarte.fr\/wp-content\/uploads\/2023\/02\/whatsapp-100x100.png 100w, https:\/\/frenchalacarte.fr\/wp-content\/uploads\/2023\/02\/whatsapp.png 512w\" sizes=\"auto, (max-width: 300px) 100vw, 300px\" \/><\/figure><\/div>\n\n\n\n<div class=\"wp-block-media-text alignwide is-stacked-on-mobile\" style=\"grid-template-columns:15% auto\"><figure class=\"wp-block-media-text__media\"><img loading=\"lazy\" decoding=\"async\" width=\"512\" height=\"512\" src=\"https:\/\/frenchalacarte.fr\/wp-content\/uploads\/2023\/05\/zoom.jpg\" alt=\"\" class=\"wp-image-7812 size-full\" srcset=\"https:\/\/frenchalacarte.fr\/wp-content\/uploads\/2023\/05\/zoom.jpg 512w, https:\/\/frenchalacarte.fr\/wp-content\/uploads\/2023\/05\/zoom-300x300.jpg 300w, https:\/\/frenchalacarte.fr\/wp-content\/uploads\/2023\/05\/zoom-150x150.jpg 150w, https:\/\/frenchalacarte.fr\/wp-content\/uploads\/2023\/05\/zoom-12x12.jpg 12w, https:\/\/frenchalacarte.fr\/wp-content\/uploads\/2023\/05\/zoom-75x75.jpg 75w\" sizes=\"auto, (max-width: 512px) 100vw, 512px\" \/><\/figure><div class=\"wp-block-media-text__content\">\n<h3 class=\"wp-block-heading\">Videoconference via Zoom <\/h3>\n\n\n\n<p><a href=\"mailto:contact@frenchalacarte.fr\">Contact us<\/a> to organise a Zoom meeting!<\/p>\n<\/div><\/div>\n\n\n\n<div class=\"wp-block-media-text alignwide has-media-on-the-right is-stacked-on-mobile\" style=\"grid-template-columns:auto 15%\"><div class=\"wp-block-media-text__content\">\n<h3 class=\"wp-block-heading has-text-align-right\">By email<\/h3>\n\n\n\n<p class=\"has-text-align-right\">With the following address: <a href=\"mailto:contact@frenchalacarte.fr\">contact@frenchalacarte.fr<\/a><\/p>\n<\/div><figure class=\"wp-block-media-text__media\"><img loading=\"lazy\" decoding=\"async\" width=\"512\" height=\"512\" src=\"https:\/\/frenchalacarte.fr\/wp-content\/uploads\/2023\/02\/email.png\" alt=\"\" class=\"wp-image-6938 size-medium\" srcset=\"https:\/\/frenchalacarte.fr\/wp-content\/uploads\/2023\/02\/email.png 512w, https:\/\/frenchalacarte.fr\/wp-content\/uploads\/2023\/02\/email-300x300.png 300w, https:\/\/frenchalacarte.fr\/wp-content\/uploads\/2023\/02\/email-150x150.png 150w, https:\/\/frenchalacarte.fr\/wp-content\/uploads\/2023\/02\/email-12x12.png 12w, https:\/\/frenchalacarte.fr\/wp-content\/uploads\/2023\/02\/email-75x75.png 75w, https:\/\/frenchalacarte.fr\/wp-content\/uploads\/2023\/02\/email-370x370.png 370w, https:\/\/frenchalacarte.fr\/wp-content\/uploads\/2023\/02\/email-60x60.png 60w, https:\/\/frenchalacarte.fr\/wp-content\/uploads\/2023\/02\/email-100x100.png 100w\" sizes=\"auto, (max-width: 512px) 100vw, 512px\" \/><\/figure><\/div>","protected":false},"excerpt":{"rendered":"<p>Nous rencontrer French \u00e0 la carte vous propose une rencontre avec Barbara si vous \u00eates en Allemagne (Baden-Wurtenberg) ou en Alsace. En fonction de votre lieu de r\u00e9sidence, vous pouvez rencontrer un autre membre de l&rsquo;\u00e9quipe. Par t\u00e9l\u00e9phone Et \u00e9galement sur WhatsApp au +49 (0)1 52 38 85 96 92 En visioconf\u00e9rence par Zoom Contactez-nous [&hellip;]<\/p>\n","protected":false},"author":1,"featured_media":0,"parent":0,"menu_order":0,"comment_status":"closed","ping_status":"closed","template":"templates\/template-page-full-width.php","meta":{"footnotes":""},"class_list":["post-1235","page","type-page","status-publish","hentry"],"_links":{"self":[{"href":"https:\/\/frenchalacarte.fr\/en\/wp-json\/wp\/v2\/pages\/1235","targetHints":{"allow":["GET"]}}],"collection":[{"href":"https:\/\/frenchalacarte.fr\/en\/wp-json\/wp\/v2\/pages"}],"about":[{"href":"https:\/\/frenchalacarte.fr\/en\/wp-json\/wp\/v2\/types\/page"}],"author":[{"embeddable":true,"href":"https:\/\/frenchalacarte.fr\/en\/wp-json\/wp\/v2\/users\/1"}],"replies":[{"embeddable":true,"href":"https:\/\/frenchalacarte.fr\/en\/wp-json\/wp\/v2\/comments?post=1235"}],"version-history":[{"count":20,"href":"https:\/\/frenchalacarte.fr\/en\/wp-json\/wp\/v2\/pages\/1235\/revisions"}],"predecessor-version":[{"id":7839,"href":"https:\/\/frenchalacarte.fr\/en\/wp-json\/wp\/v2\/pages\/1235\/revisions\/7839"}],"wp:attachment":[{"href":"https:\/\/frenchalacarte.fr\/en\/wp-json\/wp\/v2\/media?parent=1235"}],"curies":[{"name":"wp","href":"https:\/\/api.w.org\/{rel}","templated":true}]}}