{"id":7010,"date":"2023-02-02T10:39:49","date_gmt":"2023-02-02T10:39:49","guid":{"rendered":"https:\/\/dev2.perriermathis.fr\/?page_id=7010"},"modified":"2023-04-03T07:56:32","modified_gmt":"2023-04-03T07:56:32","slug":"notre-equipe","status":"publish","type":"page","link":"https:\/\/frenchalacarte.fr\/en\/notre-equipe\/","title":{"rendered":"Our team"},"content":{"rendered":"<div class=\"blockart-section blockart-section-c7ac284b\"><div class=\"blockart-container\"><div class=\"blockart-section-inner\">\n<div class=\"blockart-column blockart-column-1533e3aa\"><div class=\"blockart-column-inner\">\n<h4 class=\"blockart-heading blockart-heading-4f569488\">Our<\/h4>\n\n\n\n<h2 class=\"blockart-heading blockart-heading-f020310e\">team<\/h2>\n\n\n\n<div class=\"blockart-section blockart-section-cfb6859a\"><div class=\"blockart-container\"><div class=\"blockart-section-inner\">\n<div class=\"blockart-column blockart-column-d02bcc7d\"><div class=\"blockart-column-inner\">\n<div class=\"blockart-image blockart-image-f4405348\"><img loading=\"lazy\" decoding=\"async\" class=\"wp-image-7114\" src=\"https:\/\/dev2.perriermathis.fr\/wp-content\/uploads\/2023\/02\/IMG_9008.jpg\" alt=\"\" height=\"593\" width=\"702\" srcset=\"https:\/\/frenchalacarte.fr\/wp-content\/uploads\/2023\/02\/IMG_9008.jpg 702w, https:\/\/frenchalacarte.fr\/wp-content\/uploads\/2023\/02\/IMG_9008-300x253.jpg 300w, https:\/\/frenchalacarte.fr\/wp-content\/uploads\/2023\/02\/IMG_9008-14x12.jpg 14w, https:\/\/frenchalacarte.fr\/wp-content\/uploads\/2023\/02\/IMG_9008-600x507.jpg 600w\" sizes=\"auto, (max-width: 702px) 100vw, 702px\" \/><\/div>\n\n\n\n<h6 class=\"blockart-heading blockart-heading-aa94d245\">French, French as a foreign language, French literature<\/h6>\n\n\n\n<p>All levels, exam preparation. Proofreading of university works and editorials.<\/p>\n\n\n\n\n\n<p><em>Spoken languages: English, German<\/em><\/p>\n\n\n\n<h3 class=\"blockart-heading blockart-heading-b18750e2\">Barbara P<\/h3>\n<\/div><\/div>\n\n\n\n<div class=\"blockart-column blockart-column-df774b03\"><div class=\"blockart-column-inner\">\n<div class=\"blockart-image blockart-image-ac666ba7\"><img loading=\"lazy\" decoding=\"async\" class=\"wp-image-7372\" src=\"https:\/\/dev2.perriermathis.fr\/wp-content\/uploads\/2023\/02\/IMG_5554-scaled.jpg\" alt=\"\" height=\"2560\" width=\"1944\" srcset=\"https:\/\/frenchalacarte.fr\/wp-content\/uploads\/2023\/02\/IMG_5554-scaled.jpg 1944w, https:\/\/frenchalacarte.fr\/wp-content\/uploads\/2023\/02\/IMG_5554-228x300.jpg 228w, https:\/\/frenchalacarte.fr\/wp-content\/uploads\/2023\/02\/IMG_5554-778x1024.jpg 778w, https:\/\/frenchalacarte.fr\/wp-content\/uploads\/2023\/02\/IMG_5554-768x1011.jpg 768w, https:\/\/frenchalacarte.fr\/wp-content\/uploads\/2023\/02\/IMG_5554-1167x1536.jpg 1167w, https:\/\/frenchalacarte.fr\/wp-content\/uploads\/2023\/02\/IMG_5554-1556x2048.jpg 1556w, https:\/\/frenchalacarte.fr\/wp-content\/uploads\/2023\/02\/IMG_5554-9x12.jpg 9w, https:\/\/frenchalacarte.fr\/wp-content\/uploads\/2023\/02\/IMG_5554-600x790.jpg 600w\" sizes=\"auto, (max-width: 1944px) 100vw, 1944px\" \/><\/div>\n\n\n\n<h6 class=\"blockart-heading blockart-heading-309f935c\">French, French as a foreign language <\/h6>\n\n\n\n<p>All levels.<\/p>\n\n\n\n<p><em>Spoken language: English<\/em><\/p>\n\n\n\n<h3 class=\"blockart-heading blockart-heading-4f897c16\"> \u00c9milie  <\/h3>\n<\/div><\/div>\n\n\n\n<div class=\"blockart-column blockart-column-59e2f664\"><div class=\"blockart-column-inner\">\n<div class=\"blockart-image blockart-image-e3fe565c\"><img loading=\"lazy\" decoding=\"async\" width=\"1063\" height=\"987\" class=\"wp-image-7428\" src=\"https:\/\/dev2.perriermathis.fr\/wp-content\/uploads\/2023\/02\/e2012f5f-f6ab-424c-b5c2-557a8c3fbe6f.jpg\" alt=\"\" srcset=\"https:\/\/frenchalacarte.fr\/wp-content\/uploads\/2023\/02\/e2012f5f-f6ab-424c-b5c2-557a8c3fbe6f.jpg 1063w, https:\/\/frenchalacarte.fr\/wp-content\/uploads\/2023\/02\/e2012f5f-f6ab-424c-b5c2-557a8c3fbe6f-300x279.jpg 300w, https:\/\/frenchalacarte.fr\/wp-content\/uploads\/2023\/02\/e2012f5f-f6ab-424c-b5c2-557a8c3fbe6f-1024x951.jpg 1024w, https:\/\/frenchalacarte.fr\/wp-content\/uploads\/2023\/02\/e2012f5f-f6ab-424c-b5c2-557a8c3fbe6f-768x713.jpg 768w, https:\/\/frenchalacarte.fr\/wp-content\/uploads\/2023\/02\/e2012f5f-f6ab-424c-b5c2-557a8c3fbe6f-13x12.jpg 13w, https:\/\/frenchalacarte.fr\/wp-content\/uploads\/2023\/02\/e2012f5f-f6ab-424c-b5c2-557a8c3fbe6f-600x557.jpg 600w\" sizes=\"auto, (max-width: 1063px) 100vw, 1063px\" \/><\/div>\n\n\n\n<h6 class=\"blockart-heading blockart-heading-790d71e1\">French, French as a foreign language <\/h6>\n\n\n\n<p>All levels, exam preparation. <\/p>\n\n\n\n<p><em>Spoken language: English<\/em><\/p>\n\n\n\n<h3 class=\"blockart-heading blockart-heading-2a323d76\">Barbara C <\/h3>\n<\/div><\/div>\n\n\n\n<div class=\"blockart-column blockart-column-e8cdb30a\"><div class=\"blockart-column-inner\">\n<div class=\"blockart-image blockart-image-1c08ce5c\"><img loading=\"lazy\" decoding=\"async\" width=\"402\" height=\"592\" class=\"wp-image-7629\" src=\"https:\/\/frenchalacarte.fr\/wp-content\/uploads\/2023\/04\/Capture-decran-2023-04-03-a-09.56.03.png\" alt=\"\" srcset=\"https:\/\/frenchalacarte.fr\/wp-content\/uploads\/2023\/04\/Capture-decran-2023-04-03-a-09.56.03.png 402w, https:\/\/frenchalacarte.fr\/wp-content\/uploads\/2023\/04\/Capture-decran-2023-04-03-a-09.56.03-204x300.png 204w, https:\/\/frenchalacarte.fr\/wp-content\/uploads\/2023\/04\/Capture-decran-2023-04-03-a-09.56.03-8x12.png 8w\" sizes=\"auto, (max-width: 402px) 100vw, 402px\" \/><\/div>\n\n\n\n<h6 class=\"blockart-heading blockart-heading-daf00187\">fran\u00e7ais, litt\u00e9rature fran\u00e7aise<\/h6>\n\n\n\n<p>All levels, exam preparation. Proofreading of university works and editorials.<\/p>\n\n\n\n<p><em>Spoken languages: English, Arabic<\/em><\/p>\n\n\n\n<h3 class=\"blockart-heading blockart-heading-c1d57d28\">Donya<\/h3>\n<\/div><\/div>\n<\/div><\/div><\/div>\n\n\n\n<div class=\"blockart-section blockart-section-ba3f4b4e\"><div class=\"blockart-container\"><div class=\"blockart-section-inner\">\n<div class=\"blockart-column blockart-column-3aa6434a\"><div class=\"blockart-column-inner\">\n<div class=\"blockart-image blockart-image-14c4039f\"><img loading=\"lazy\" decoding=\"async\" width=\"937\" height=\"1365\" class=\"wp-image-7519\" src=\"https:\/\/frenchalacarte.fr\/wp-content\/uploads\/2023\/02\/efbba41b-e705-480a-9c3c-83416a2de1b1.jpg\" alt=\"\" srcset=\"https:\/\/frenchalacarte.fr\/wp-content\/uploads\/2023\/02\/efbba41b-e705-480a-9c3c-83416a2de1b1.jpg 937w, https:\/\/frenchalacarte.fr\/wp-content\/uploads\/2023\/02\/efbba41b-e705-480a-9c3c-83416a2de1b1-206x300.jpg 206w, https:\/\/frenchalacarte.fr\/wp-content\/uploads\/2023\/02\/efbba41b-e705-480a-9c3c-83416a2de1b1-703x1024.jpg 703w, https:\/\/frenchalacarte.fr\/wp-content\/uploads\/2023\/02\/efbba41b-e705-480a-9c3c-83416a2de1b1-768x1119.jpg 768w, https:\/\/frenchalacarte.fr\/wp-content\/uploads\/2023\/02\/efbba41b-e705-480a-9c3c-83416a2de1b1-8x12.jpg 8w\" sizes=\"auto, (max-width: 937px) 100vw, 937px\" \/><\/div>\n\n\n\n<h6 class=\"blockart-heading blockart-heading-d227d41d\">french<\/h6>\n\n\n\n<p>Writing, correction and layout of letters of motivation and CV<\/p>\n\n\n\n\n\n<p><em>Spoken languages: English, German, Spanish<\/em><\/p>\n\n\n\n<h3 class=\"blockart-heading blockart-heading-9918c9c7\">Fr\u00e9d\u00e9rique<\/h3>\n<\/div><\/div>\n\n\n\n<div class=\"blockart-column blockart-column-25417d1c\"><div class=\"blockart-column-inner\">\n<div class=\"blockart-image blockart-image-d9fa0877\"><img loading=\"lazy\" decoding=\"async\" class=\"wp-image-7061\" src=\"https:\/\/frenchalacarte.fr\/wp-content\/uploads\/2023\/02\/testimonial3.jpg\" alt=\"\" height=\"250\" width=\"250\" srcset=\"https:\/\/frenchalacarte.fr\/wp-content\/uploads\/2023\/02\/testimonial3.jpg 250w, https:\/\/frenchalacarte.fr\/wp-content\/uploads\/2023\/02\/testimonial3-150x150.jpg 150w, https:\/\/frenchalacarte.fr\/wp-content\/uploads\/2023\/02\/testimonial3-12x12.jpg 12w, https:\/\/frenchalacarte.fr\/wp-content\/uploads\/2023\/02\/testimonial3-75x75.jpg 75w, https:\/\/frenchalacarte.fr\/wp-content\/uploads\/2023\/02\/testimonial3-100x100.jpg 100w\" sizes=\"auto, (max-width: 250px) 100vw, 250px\" \/><\/div>\n\n\n\n<h6 class=\"blockart-heading blockart-heading-1b43f842\">French<\/h6>\n\n\n\n<p>Website creation, including web design.<\/p>\n\n\n\n<p><em>Spoken language: English<\/em><\/p>\n\n\n\n<h3 class=\"blockart-heading blockart-heading-841956bb\">Mathis <\/h3>\n<\/div><\/div>\n\n\n\n<div class=\"blockart-column blockart-column-6d39c230\"><div class=\"blockart-column-inner\">\n<div class=\"blockart-image blockart-image-3ff3c9cb\"><img loading=\"lazy\" decoding=\"async\" width=\"1240\" height=\"1366\" class=\"wp-image-7565\" src=\"https:\/\/frenchalacarte.fr\/wp-content\/uploads\/2023\/03\/Photo_stephane_perrier.jpg\" alt=\"\" srcset=\"https:\/\/frenchalacarte.fr\/wp-content\/uploads\/2023\/03\/Photo_stephane_perrier.jpg 1240w, https:\/\/frenchalacarte.fr\/wp-content\/uploads\/2023\/03\/Photo_stephane_perrier-272x300.jpg 272w, https:\/\/frenchalacarte.fr\/wp-content\/uploads\/2023\/03\/Photo_stephane_perrier-930x1024.jpg 930w, https:\/\/frenchalacarte.fr\/wp-content\/uploads\/2023\/03\/Photo_stephane_perrier-768x846.jpg 768w, https:\/\/frenchalacarte.fr\/wp-content\/uploads\/2023\/03\/Photo_stephane_perrier-11x12.jpg 11w\" sizes=\"auto, (max-width: 1240px) 100vw, 1240px\" \/><\/div>\n\n\n\n<h6 class=\"blockart-heading blockart-heading-91039a3b\">french  <\/h6>\n\n\n\n<p>Proofreading and layout of advertising documents\/flyers, websites in particular.<\/p>\n\n\n\n<p><em>Spoken language: English<\/em><\/p>\n\n\n\n<h3 class=\"blockart-heading blockart-heading-a90645ed\">St\u00e9phane <\/h3>\n<\/div><\/div>\n\n\n\n<div class=\"blockart-column blockart-column-5a0c41d0\"><div class=\"blockart-column-inner\">\n<div class=\"blockart-image blockart-image-e39a005b\"><img loading=\"lazy\" decoding=\"async\" class=\"wp-image-7546\" src=\"https:\/\/frenchalacarte.fr\/wp-content\/uploads\/2023\/03\/istockphoto-1034794300-612x612-1.jpg\" alt=\"\" height=\"408\" width=\"612\" srcset=\"https:\/\/frenchalacarte.fr\/wp-content\/uploads\/2023\/03\/istockphoto-1034794300-612x612-1.jpg 612w, https:\/\/frenchalacarte.fr\/wp-content\/uploads\/2023\/03\/istockphoto-1034794300-612x612-1-300x200.jpg 300w, https:\/\/frenchalacarte.fr\/wp-content\/uploads\/2023\/03\/istockphoto-1034794300-612x612-1-18x12.jpg 18w\" sizes=\"auto, (max-width: 612px) 100vw, 612px\" \/><\/div>\n\n\n\n<h3 class=\"blockart-heading blockart-heading-6a1b15d2\">And why not you?<\/h3>\n<\/div><\/div>\n<\/div><\/div><\/div>\n<\/div><\/div>\n<\/div><\/div><\/div>\n\n\n\n<p><\/p>","protected":false},"excerpt":{"rendered":"","protected":false},"author":1,"featured_media":0,"parent":0,"menu_order":0,"comment_status":"closed","ping_status":"closed","template":"templates\/template-page-full-width.php","meta":{"footnotes":""},"class_list":["post-7010","page","type-page","status-publish","hentry"],"_links":{"self":[{"href":"https:\/\/frenchalacarte.fr\/en\/wp-json\/wp\/v2\/pages\/7010","targetHints":{"allow":["GET"]}}],"collection":[{"href":"https:\/\/frenchalacarte.fr\/en\/wp-json\/wp\/v2\/pages"}],"about":[{"href":"https:\/\/frenchalacarte.fr\/en\/wp-json\/wp\/v2\/types\/page"}],"author":[{"embeddable":true,"href":"https:\/\/frenchalacarte.fr\/en\/wp-json\/wp\/v2\/users\/1"}],"replies":[{"embeddable":true,"href":"https:\/\/frenchalacarte.fr\/en\/wp-json\/wp\/v2\/comments?post=7010"}],"version-history":[{"count":32,"href":"https:\/\/frenchalacarte.fr\/en\/wp-json\/wp\/v2\/pages\/7010\/revisions"}],"predecessor-version":[{"id":7631,"href":"https:\/\/frenchalacarte.fr\/en\/wp-json\/wp\/v2\/pages\/7010\/revisions\/7631"}],"wp:attachment":[{"href":"https:\/\/frenchalacarte.fr\/en\/wp-json\/wp\/v2\/media?parent=7010"}],"curies":[{"name":"wp","href":"https:\/\/api.w.org\/{rel}","templated":true}]}}