{"id":7012,"date":"2023-02-02T10:40:12","date_gmt":"2023-02-02T10:40:12","guid":{"rendered":"https:\/\/dev2.perriermathis.fr\/?page_id=7012"},"modified":"2024-02-01T10:06:17","modified_gmt":"2024-02-01T10:06:17","slug":"offres-demploi","status":"publish","type":"page","link":"https:\/\/frenchalacarte.fr\/en\/offres-demploi\/","title":{"rendered":"Job opportunities"},"content":{"rendered":"<p class=\"has-text-align-center\">We are always recruiting.<br>N&rsquo;h\u00e9sitez pas \u00e0 nous contacter si vous souhaitez rejoindre une \u00e9quipe sympathique !<\/p>\n\n\n\n<div class=\"blockart-buttons blockart-buttons-4b464a94 is-wrap is-horizontal justify-center\">\n<div class=\"blockart-button blockart-button-33dc38a0\"><a class=\"blockart-button-link is-large is-style-filled\" href=\"https:\/\/frenchalacarte.fr\/en\/contact\/\">Contact us<\/a><\/div>\n<\/div>\n\n\n\n<hr class=\"wp-block-separator aligncenter has-alpha-channel-opacity is-style-dots\"\/>\n\n\n<div class=\"wp-block-image is-style-rounded\">\n<figure class=\"aligncenter size-large is-resized\"><img loading=\"lazy\" decoding=\"async\" width=\"1024\" height=\"683\" src=\"https:\/\/dev2.perriermathis.fr\/wp-content\/uploads\/2023\/02\/pexels-andrew-neel-2312369-1024x683.jpg\" alt=\"\" class=\"wp-image-7255\" style=\"width:689px;height:459px\" srcset=\"https:\/\/frenchalacarte.fr\/wp-content\/uploads\/2023\/02\/pexels-andrew-neel-2312369-1024x683.jpg 1024w, https:\/\/frenchalacarte.fr\/wp-content\/uploads\/2023\/02\/pexels-andrew-neel-2312369-300x200.jpg 300w, https:\/\/frenchalacarte.fr\/wp-content\/uploads\/2023\/02\/pexels-andrew-neel-2312369-768x512.jpg 768w, https:\/\/frenchalacarte.fr\/wp-content\/uploads\/2023\/02\/pexels-andrew-neel-2312369-1536x1024.jpg 1536w, https:\/\/frenchalacarte.fr\/wp-content\/uploads\/2023\/02\/pexels-andrew-neel-2312369-2048x1365.jpg 2048w, https:\/\/frenchalacarte.fr\/wp-content\/uploads\/2023\/02\/pexels-andrew-neel-2312369-18x12.jpg 18w, https:\/\/frenchalacarte.fr\/wp-content\/uploads\/2023\/02\/pexels-andrew-neel-2312369-600x400.jpg 600w\" sizes=\"auto, (max-width: 1024px) 100vw, 1024px\" \/><\/figure>\n<\/div>","protected":false},"excerpt":{"rendered":"<p>Nous recrutons en permanence.N&rsquo;h\u00e9sitez pas \u00e0 nous contacter si vous souhaitez rejoindre une \u00e9quipe sympathique !<\/p>","protected":false},"author":1,"featured_media":0,"parent":0,"menu_order":0,"comment_status":"closed","ping_status":"closed","template":"templates\/template-page-full-width.php","meta":{"footnotes":""},"class_list":["post-7012","page","type-page","status-publish","hentry"],"_links":{"self":[{"href":"https:\/\/frenchalacarte.fr\/en\/wp-json\/wp\/v2\/pages\/7012","targetHints":{"allow":["GET"]}}],"collection":[{"href":"https:\/\/frenchalacarte.fr\/en\/wp-json\/wp\/v2\/pages"}],"about":[{"href":"https:\/\/frenchalacarte.fr\/en\/wp-json\/wp\/v2\/types\/page"}],"author":[{"embeddable":true,"href":"https:\/\/frenchalacarte.fr\/en\/wp-json\/wp\/v2\/users\/1"}],"replies":[{"embeddable":true,"href":"https:\/\/frenchalacarte.fr\/en\/wp-json\/wp\/v2\/comments?post=7012"}],"version-history":[{"count":11,"href":"https:\/\/frenchalacarte.fr\/en\/wp-json\/wp\/v2\/pages\/7012\/revisions"}],"predecessor-version":[{"id":7962,"href":"https:\/\/frenchalacarte.fr\/en\/wp-json\/wp\/v2\/pages\/7012\/revisions\/7962"}],"wp:attachment":[{"href":"https:\/\/frenchalacarte.fr\/en\/wp-json\/wp\/v2\/media?parent=7012"}],"curies":[{"name":"wp","href":"https:\/\/api.w.org\/{rel}","templated":true}]}}