{"id":7071,"date":"2023-02-03T09:57:33","date_gmt":"2023-02-03T09:57:33","guid":{"rendered":"https:\/\/dev2.perriermathis.fr\/?page_id=7071"},"modified":"2023-02-03T10:06:51","modified_gmt":"2023-02-03T10:06:51","slug":"book","status":"publish","type":"page","link":"https:\/\/frenchalacarte.fr\/en\/book\/","title":{"rendered":""},"content":{"rendered":"\n<h2 class=\"wp-block-heading\">Faire une demande de cours<\/h2>\n\n\n<div class=\"wpforms-container wpforms-container-full wpforms-block\" id=\"wpforms-7069\"><form id=\"wpforms-form-7069\" class=\"wpforms-validate wpforms-form wpforms-ajax-form\" data-formid=\"7069\" method=\"post\" enctype=\"multipart\/form-data\" action=\"\/en\/wp-json\/wp\/v2\/pages\/7071\" data-token=\"04afee5dc3e95eaab1f11eef9a41fc12\" data-token-time=\"1777462719\"><noscript class=\"wpforms-error-noscript\">Please enable JavaScript in your browser to complete this form.<\/noscript><div class=\"wpforms-field-container\"><div id=\"wpforms-7069-field_0-container\" class=\"wpforms-field wpforms-field-name\" data-field-id=\"0\"><label class=\"wpforms-field-label\">Nom <span class=\"wpforms-required-label\">*<\/span><\/label><div class=\"wpforms-field-row wpforms-field-medium\"><div class=\"wpforms-field-row-block wpforms-first wpforms-one-half\"><input type=\"text\" id=\"wpforms-7069-field_0\" class=\"wpforms-field-name-first wpforms-field-required\" name=\"wpforms[fields][0][first]\" required><label for=\"wpforms-7069-field_0\" class=\"wpforms-field-sublabel after\">First<\/label><\/div><div class=\"wpforms-field-row-block wpforms-one-half\"><input type=\"text\" id=\"wpforms-7069-field_0-last\" class=\"wpforms-field-name-last wpforms-field-required\" name=\"wpforms[fields][0][last]\" required><label for=\"wpforms-7069-field_0-last\" class=\"wpforms-field-sublabel after\">Last<\/label><\/div><\/div><\/div><div id=\"wpforms-7069-field_3-container\" class=\"wpforms-field wpforms-field-text\" data-field-id=\"3\"><label class=\"wpforms-field-label\" for=\"wpforms-7069-field_3\">Langue parl\u00e9e <span class=\"wpforms-required-label\">*<\/span><\/label><input type=\"text\" id=\"wpforms-7069-field_3\" class=\"wpforms-field-medium wpforms-field-required\" name=\"wpforms[fields][3]\" required><div class=\"wpforms-field-description\">Votre langue native<\/div><\/div><div id=\"wpforms-7069-field_4-container\" class=\"wpforms-field wpforms-field-text\" data-field-id=\"4\"><label class=\"wpforms-field-label\" for=\"wpforms-7069-field_4\">Niveau scolaire (ou \u00e2ge) <span class=\"wpforms-required-label\">*<\/span><\/label><input type=\"text\" id=\"wpforms-7069-field_4\" class=\"wpforms-field-medium wpforms-field-required\" name=\"wpforms[fields][4]\" required><\/div><div id=\"wpforms-7069-field_6-container\" class=\"wpforms-field wpforms-field-radio\" data-field-id=\"6\"><label class=\"wpforms-field-label\">Objectif du cours <span class=\"wpforms-required-label\">*<\/span><\/label><ul id=\"wpforms-7069-field_6\" class=\"wpforms-field-required\"><li class=\"choice-1 depth-1\"><input type=\"radio\" id=\"wpforms-7069-field_6_1\" name=\"wpforms[fields][6]\" value=\"Scolaire ou professionnel\" required ><label class=\"wpforms-field-label-inline\" for=\"wpforms-7069-field_6_1\">Scolaire ou professionnel<\/label><\/li><li class=\"choice-4 depth-1\"><input type=\"radio\" id=\"wpforms-7069-field_6_4\" name=\"wpforms[fields][6]\" value=\"Pr\u00e9paration \u00e0 un examen\" required ><label class=\"wpforms-field-label-inline\" for=\"wpforms-7069-field_6_4\">Pr\u00e9paration \u00e0 un examen<\/label><\/li><li class=\"choice-2 depth-1\"><input type=\"radio\" id=\"wpforms-7069-field_6_2\" name=\"wpforms[fields][6]\" value=\"Personnel (loisirs ou vacances)\" required ><label class=\"wpforms-field-label-inline\" for=\"wpforms-7069-field_6_2\">Personnel (loisirs ou vacances)<\/label><\/li><\/ul><\/div><div id=\"wpforms-7069-field_1-container\" class=\"wpforms-field wpforms-field-email\" data-field-id=\"1\"><label class=\"wpforms-field-label\" for=\"wpforms-7069-field_1\">Email <span class=\"wpforms-required-label\">*<\/span><\/label><input type=\"email\" id=\"wpforms-7069-field_1\" class=\"wpforms-field-medium wpforms-field-required\" name=\"wpforms[fields][1]\" spellcheck=\"false\" required><\/div><div id=\"wpforms-7069-field_7-container\" class=\"wpforms-field wpforms-field-text\" data-field-id=\"7\"><label class=\"wpforms-field-label\" for=\"wpforms-7069-field_7\">Num\u00e9ro de t\u00e9l\u00e9phone <span class=\"wpforms-required-label\">*<\/span><\/label><input type=\"text\" id=\"wpforms-7069-field_7\" class=\"wpforms-field-medium wpforms-field-required\" name=\"wpforms[fields][7]\" required><div class=\"wpforms-field-description\">Afin que nous puissions vous contacter pour cr\u00e9er avec vous le cours le plus adapt\u00e9!<\/div><\/div><div id=\"wpforms-7069-field_2-container\" class=\"wpforms-field wpforms-field-textarea\" data-field-id=\"2\"><label class=\"wpforms-field-label\" for=\"wpforms-7069-field_2\">Informations suppl\u00e9mentaires<\/label><textarea id=\"wpforms-7069-field_2\" class=\"wpforms-field-medium\" name=\"wpforms[fields][2]\" ><\/textarea><div class=\"wpforms-field-description\">Une demande sp\u00e9ciale ? Des particularit\u00e9s ? N&rsquo;h\u00e9sitez pas \u00e0 nous en faire part<\/div><\/div><\/div><!-- .wpforms-field-container --><div class=\"wpforms-submit-container\" ><input type=\"hidden\" name=\"wpforms[id]\" value=\"7069\"><input type=\"hidden\" name=\"page_title\" value=\"\"><input type=\"hidden\" name=\"page_url\" value=\"https:\/\/frenchalacarte.fr\/en\/wp-json\/wp\/v2\/pages\/7071\"><input type=\"hidden\" name=\"url_referer\" value=\"\"><button type=\"submit\" name=\"wpforms[submit]\" id=\"wpforms-submit-7069\" class=\"wpforms-submit\" data-alt-text=\"Envoi en cours..\" data-submit-text=\"Envoyer la demande\" aria-live=\"assertive\" value=\"wpforms-submit\">Envoyer la demande<\/button><img loading=\"lazy\" decoding=\"async\" src=\"https:\/\/frenchalacarte.fr\/wp-content\/plugins\/wpforms-lite\/assets\/images\/submit-spin.svg\" class=\"wpforms-submit-spinner\" style=\"display: none;\" width=\"26\" height=\"26\" alt=\"Loading\"><\/div><\/form><\/div>  <!-- .wpforms-container -->","protected":false},"excerpt":{"rendered":"<p>Faire une demande de cours<\/p>","protected":false},"author":1,"featured_media":0,"parent":0,"menu_order":0,"comment_status":"closed","ping_status":"closed","template":"templates\/template-page-full-width.php","meta":{"footnotes":""},"class_list":["post-7071","page","type-page","status-publish","hentry"],"_links":{"self":[{"href":"https:\/\/frenchalacarte.fr\/en\/wp-json\/wp\/v2\/pages\/7071","targetHints":{"allow":["GET"]}}],"collection":[{"href":"https:\/\/frenchalacarte.fr\/en\/wp-json\/wp\/v2\/pages"}],"about":[{"href":"https:\/\/frenchalacarte.fr\/en\/wp-json\/wp\/v2\/types\/page"}],"author":[{"embeddable":true,"href":"https:\/\/frenchalacarte.fr\/en\/wp-json\/wp\/v2\/users\/1"}],"replies":[{"embeddable":true,"href":"https:\/\/frenchalacarte.fr\/en\/wp-json\/wp\/v2\/comments?post=7071"}],"version-history":[{"count":4,"href":"https:\/\/frenchalacarte.fr\/en\/wp-json\/wp\/v2\/pages\/7071\/revisions"}],"predecessor-version":[{"id":7080,"href":"https:\/\/frenchalacarte.fr\/en\/wp-json\/wp\/v2\/pages\/7071\/revisions\/7080"}],"wp:attachment":[{"href":"https:\/\/frenchalacarte.fr\/en\/wp-json\/wp\/v2\/media?parent=7071"}],"curies":[{"name":"wp","href":"https:\/\/api.w.org\/{rel}","templated":true}]}}